{"id":211,"date":"2023-12-01T19:59:12","date_gmt":"2023-12-01T19:59:12","guid":{"rendered":"https:\/\/alexiapair.com\/?page_id=211"},"modified":"2025-03-21T12:16:20","modified_gmt":"2025-03-21T12:16:20","slug":"about","status":"publish","type":"page","link":"https:\/\/alexiapair.com\/es\/about\/","title":{"rendered":"Acerca de"},"content":{"rendered":"<div data-elementor-type=\"wp-page\" data-elementor-id=\"211\" class=\"elementor elementor-211\">\n\t\t\t\t\t\t\t<div class=\"elementor-element elementor-element-dfa8453 e-flex e-con-boxed e-con e-parent\" data-id=\"dfa8453\" data-element_type=\"container\" data-settings=\"{&quot;background_background&quot;:&quot;classic&quot;,&quot;content_width&quot;:&quot;boxed&quot;}\" data-core-v316-plus=\"true\">\n\t\t\t\t\t<div class=\"e-con-inner\">\n\t\t\t\t<div class=\"elementor-element elementor-element-2345fd8 animated-slow elementor-invisible elementor-widget elementor-widget-image\" data-id=\"2345fd8\" data-element_type=\"widget\" data-settings=\"{&quot;_animation&quot;:&quot;fadeIn&quot;}\" data-widget_type=\"image.default\">\n\t\t\t\t<div class=\"elementor-widget-container\">\n\t\t\t<style>\/*! elementor - v3.18.0 - 08-12-2023 *\/\n.elementor-widget-image{text-align:center}.elementor-widget-image a{display:inline-block}.elementor-widget-image a img[src$=\".svg\"]{width:48px}.elementor-widget-image img{vertical-align:middle;display:inline-block}<\/style>\t\t\t\t\t\t\t\t\t\t\t\t<img fetchpriority=\"high\" decoding=\"async\" width=\"683\" height=\"1024\" src=\"https:\/\/alexiapair.com\/wp-content\/uploads\/2024\/07\/DSC4569-683x1024.jpg\" class=\"attachment-large size-large wp-image-749\" alt=\"\" srcset=\"https:\/\/alexiapair.com\/wp-content\/uploads\/2024\/07\/DSC4569-683x1024.jpg 683w, https:\/\/alexiapair.com\/wp-content\/uploads\/2024\/07\/DSC4569-200x300.jpg 200w, https:\/\/alexiapair.com\/wp-content\/uploads\/2024\/07\/DSC4569-768x1152.jpg 768w, https:\/\/alexiapair.com\/wp-content\/uploads\/2024\/07\/DSC4569-1024x1536.jpg 1024w, https:\/\/alexiapair.com\/wp-content\/uploads\/2024\/07\/DSC4569-1365x2048.jpg 1365w, https:\/\/alexiapair.com\/wp-content\/uploads\/2024\/07\/DSC4569-scaled.jpg 1707w\" sizes=\"(max-width: 683px) 100vw, 683px\" \/>\t\t\t\t\t\t\t\t\t\t\t\t\t\t\t<\/div>\n\t\t\t\t<\/div>\n\t\t\t\t\t<\/div>\n\t\t\t\t<\/div>\n\t\t<div class=\"elementor-element elementor-element-25cb808 e-flex e-con-boxed e-con e-parent\" data-id=\"25cb808\" data-element_type=\"container\" data-settings=\"{&quot;background_background&quot;:&quot;video&quot;,&quot;background_video_link&quot;:&quot;https:\\\/\\\/www.shadergradient.co\\\/customize?animate=on&amp;axesHelper=off&amp;bgColor1=%23000000&amp;bgColor2=%23000000&amp;brightness=1.2&amp;cAzimuthAngle=180&amp;cDistance=3.6&amp;cPolarAngle=90&amp;cameraZoom=1&amp;color1=%23000000&amp;color2=%232c1500&amp;color3=%23010001&amp;destination=onCanvas&amp;embedMode=off&amp;envPreset=city&amp;format=gif&amp;fov=45&amp;frameRate=10&amp;gizmoHelper=hide&amp;grain=off&amp;lightType=3d&amp;pixelDensity=1&amp;positionX=-1.4&amp;positionY=0&amp;positionZ=0&amp;range=enabled&amp;rangeEnd=40&amp;rangeStart=0&amp;reflection=0.1&amp;rotationX=0&amp;rotationY=10&amp;rotationZ=50&amp;shader=defaults&amp;type=plane&amp;uDensity=1.3&amp;uFrequency=5.5&amp;uSpeed=0.4&amp;uStrength=4&amp;uTime=0&amp;wireframe=false&quot;,&quot;content_width&quot;:&quot;boxed&quot;}\" data-core-v316-plus=\"true\">\n\t\t\t\t\t<div class=\"e-con-inner\">\n\t\t<div class=\"elementor-background-video-container elementor-hidden-phone\">\n\t\t\t\t\t\t\t<video class=\"elementor-background-video-hosted elementor-html5-video\" autoplay muted playsinline loop><\/video>\n\t\t\t\t\t<\/div>\t\t<div class=\"elementor-element elementor-element-59b4ebc animated-slow elementor-invisible elementor-widget elementor-widget-text-editor\" data-id=\"59b4ebc\" data-element_type=\"widget\" data-settings=\"{&quot;_animation&quot;:&quot;fadeIn&quot;}\" data-widget_type=\"text-editor.default\">\n\t\t\t\t<div class=\"elementor-widget-container\">\n\t\t\t<style>\/*! elementor - v3.18.0 - 08-12-2023 *\/\n.elementor-widget-text-editor.elementor-drop-cap-view-stacked .elementor-drop-cap{background-color:#69727d;color:#fff}.elementor-widget-text-editor.elementor-drop-cap-view-framed .elementor-drop-cap{color:#69727d;border:3px solid;background-color:transparent}.elementor-widget-text-editor:not(.elementor-drop-cap-view-default) .elementor-drop-cap{margin-top:8px}.elementor-widget-text-editor:not(.elementor-drop-cap-view-default) .elementor-drop-cap-letter{width:1em;height:1em}.elementor-widget-text-editor .elementor-drop-cap{float:left;text-align:center;line-height:1;font-size:50px}.elementor-widget-text-editor .elementor-drop-cap-letter{display:inline-block}<\/style>\t\t\t\t<p>Hola! Soy Alexia Pair, una fot\u00f3grafa apasionada afincada en Barcelona, donde me mud\u00e9 hace nueve a\u00f1os. Nac\u00ed en Dunkerque, una ciudad costera de Francia, y llevo en la sangre una mezcla cultural al ser mitad francesa y mitad mexicana.<\/p><p>Esta diversidad cultural ha enriquecido mi perspectiva art\u00edstica y se refleja en mi trabajo. Mi especialidad es la fotograf\u00eda aut\u00e9ntica, natural y emotiva. Mi misi\u00f3n es dar vida a los momentos a trav\u00e9s de mi lente, capturando la esencia y las emociones que los hacen \u00fanicos. Ya sea la energ\u00eda desbordante de un concierto, el amor y la alegr\u00eda de una boda o la autenticidad de una sesi\u00f3n de fotos personalizada, siempre busco crear im\u00e1genes atemporales que resuenen profundamente en quienes las ven.<\/p><p>Cada proyecto es una nueva aventura para m\u00ed y me esfuerzo por ofrecer una experiencia personalizada y memorable para mis clientes. Me encanta conectar con las personas y contar sus historias de una manera visual que perdure en el tiempo.<\/p><p>Si est\u00e1s buscando un fot\u00f3grafo que capture tus momentos m\u00e1s preciados con autenticidad y emoci\u00f3n, est\u00e1s en el lugar correcto: \u00a1me encantar\u00eda ser parte de tu historia!<\/p>\t\t\t\t\t\t<\/div>\n\t\t\t\t<\/div>\n\t\t\t\t<div class=\"elementor-element elementor-element-f7845d5 elementor-align-center animated-slow elementor-invisible elementor-widget elementor-widget-button\" data-id=\"f7845d5\" data-element_type=\"widget\" data-settings=\"{&quot;_animation&quot;:&quot;fadeIn&quot;}\" data-widget_type=\"button.default\">\n\t\t\t\t<div class=\"elementor-widget-container\">\n\t\t\t\t\t<div class=\"elementor-button-wrapper\">\n\t\t\t<a class=\"elementor-button elementor-button-link elementor-size-xl\" href=\"mailto:apfotografiabarcelona@gmail.com\">\n\t\t\t\t\t\t<span class=\"elementor-button-content-wrapper\">\n\t\t\t\t\t\t<span class=\"elementor-button-icon elementor-align-icon-right\">\n\t\t\t\t<svg aria-hidden=\"true\" class=\"e-font-icon-svg e-far-envelope\" viewbox=\"0 0 512 512\" xmlns=\"http:\/\/www.w3.org\/2000\/svg\"><path d=\"M464 64H48C21.49 64 0 85.49 0 112v288c0 26.51 21.49 48 48 48h416c26.51 0 48-21.49 48-48V112c0-26.51-21.49-48-48-48zm0 48v40.805c-22.422 18.259-58.168 46.651-134.587 106.49-16.841 13.247-50.201 45.072-73.413 44.701-23.208.375-56.579-31.459-73.413-44.701C106.18 199.465 70.425 171.067 48 152.805V112h416zM48 400V214.398c22.914 18.251 55.409 43.862 104.938 82.646 21.857 17.205 60.134 55.186 103.062 54.955 42.717.231 80.509-37.199 103.053-54.947 49.528-38.783 82.032-64.401 104.947-82.653V400H48z\"><\/path><\/svg>\t\t\t<\/span>\n\t\t\t\t\t\t<span class=\"elementor-button-text\">Cont\u00e1ctame<\/span>\n\t\t<\/span>\n\t\t\t\t\t<\/a>\n\t\t<\/div>\n\t\t\t\t<\/div>\n\t\t\t\t<\/div>\n\t\t\t\t\t<\/div>\n\t\t\t\t<\/div>\n\t\t<div class=\"elementor-element elementor-element-f5a7057 e-con-full e-flex e-con e-parent\" data-id=\"f5a7057\" data-element_type=\"container\" data-settings=\"{&quot;content_width&quot;:&quot;full&quot;,&quot;background_background&quot;:&quot;classic&quot;}\" data-core-v316-plus=\"true\">\n\t\t\t\t<div class=\"elementor-element elementor-element-4f41407 animated-slow elementor-invisible elementor-widget elementor-widget-qi_addons_for_elementor_image_slider\" data-id=\"4f41407\" data-element_type=\"widget\" data-settings=\"{&quot;_animation&quot;:&quot;fadeIn&quot;}\" data-widget_type=\"qi_addons_for_elementor_image_slider.default\">\n\t\t\t\t<div class=\"elementor-widget-container\">\n\t\t\t<div class=\"qodef-shortcode qodef-m  qodef-qi-image-slider qodef-qi-fslightbox-popup qodef-popup-gallery qodef-image--hover-zoom   qodef-col-num--3 qodef-qi-grid qodef-qi-swiper-container  qodef-navigation--inside      qodef-navigation--hover-move\" data-options=\"{&quot;direction&quot;:&quot;horizontal&quot;,&quot;slidesPerView&quot;:&quot;3&quot;,&quot;spaceBetween&quot;:30,&quot;spaceBetweenTablet&quot;:30,&quot;spaceBetweenMobile&quot;:30,&quot;effect&quot;:&quot;&quot;,&quot;loop&quot;:true,&quot;autoplay&quot;:true,&quot;centeredSlides&quot;:true,&quot;speed&quot;:&quot;&quot;,&quot;speedAnimation&quot;:&quot;&quot;,&quot;outsideNavigation&quot;:&quot;no&quot;,&quot;outsidePagination&quot;:&quot;no&quot;,&quot;unique&quot;:406,&quot;partialValue&quot;:0,&quot;disablePartialValue&quot;:&quot;&quot;}\">\n\t<div class=\"swiper-wrapper\">\n\t\t\n<div class=\"qodef-e swiper-slide\">\n\t<div class=\"qodef-e-inner\">\n\t\t<div class=\"qodef-e-inner-holder\">\n\t\t\t\t\t\t\t<a class=\"qodef-popup-item\" itemprop=\"image\" href=\"https:\/\/alexiapair.com\/wp-content\/uploads\/2025\/03\/DSC6167-scaled.jpg\" data-type=\"image\" data-fslightbox=\"gallery-406\">\n\t\t\t\t\t\t\t<img decoding=\"async\" width=\"1707\" height=\"2560\" src=\"https:\/\/alexiapair.com\/wp-content\/uploads\/2025\/03\/DSC6167-scaled.jpg\" class=\"attachment-full size-full\" alt=\"\" srcset=\"https:\/\/alexiapair.com\/wp-content\/uploads\/2025\/03\/DSC6167-scaled.jpg 1707w, https:\/\/alexiapair.com\/wp-content\/uploads\/2025\/03\/DSC6167-200x300.jpg 200w, https:\/\/alexiapair.com\/wp-content\/uploads\/2025\/03\/DSC6167-683x1024.jpg 683w, https:\/\/alexiapair.com\/wp-content\/uploads\/2025\/03\/DSC6167-768x1152.jpg 768w, https:\/\/alexiapair.com\/wp-content\/uploads\/2025\/03\/DSC6167-1024x1536.jpg 1024w, https:\/\/alexiapair.com\/wp-content\/uploads\/2025\/03\/DSC6167-1365x2048.jpg 1365w, https:\/\/alexiapair.com\/wp-content\/uploads\/2025\/03\/DSC6167-8x12.jpg 8w\" sizes=\"(max-width: 1707px) 100vw, 1707px\" \/>\t\t\t\t\t\t\t<\/a>\n\t\t\t\t\t<\/div>\n\t<\/div>\n\t<\/div>\n\n<div class=\"qodef-e swiper-slide\">\n\t<div class=\"qodef-e-inner\">\n\t\t<div class=\"qodef-e-inner-holder\">\n\t\t\t\t\t\t\t<a class=\"qodef-popup-item\" itemprop=\"image\" href=\"https:\/\/alexiapair.com\/wp-content\/uploads\/2024\/08\/DSC_4605.jpg\" data-type=\"image\" data-fslightbox=\"gallery-406\">\n\t\t\t\t\t\t\t<img decoding=\"async\" width=\"1335\" height=\"2000\" src=\"https:\/\/alexiapair.com\/wp-content\/uploads\/2024\/08\/DSC_4605.jpg\" class=\"attachment-full size-full\" alt=\"\" srcset=\"https:\/\/alexiapair.com\/wp-content\/uploads\/2024\/08\/DSC_4605.jpg 1335w, https:\/\/alexiapair.com\/wp-content\/uploads\/2024\/08\/DSC_4605-200x300.jpg 200w, https:\/\/alexiapair.com\/wp-content\/uploads\/2024\/08\/DSC_4605-684x1024.jpg 684w, https:\/\/alexiapair.com\/wp-content\/uploads\/2024\/08\/DSC_4605-768x1151.jpg 768w, https:\/\/alexiapair.com\/wp-content\/uploads\/2024\/08\/DSC_4605-1025x1536.jpg 1025w\" sizes=\"(max-width: 1335px) 100vw, 1335px\" \/>\t\t\t\t\t\t\t<\/a>\n\t\t\t\t\t<\/div>\n\t<\/div>\n\t<\/div>\n\n<div class=\"qodef-e swiper-slide\">\n\t<div class=\"qodef-e-inner\">\n\t\t<div class=\"qodef-e-inner-holder\">\n\t\t\t\t\t\t\t<a class=\"qodef-popup-item\" itemprop=\"image\" href=\"https:\/\/alexiapair.com\/wp-content\/uploads\/2024\/07\/DSC_0410-scaled.jpg\" data-type=\"image\" data-fslightbox=\"gallery-406\">\n\t\t\t\t\t\t\t<img loading=\"lazy\" decoding=\"async\" width=\"1709\" height=\"2560\" src=\"https:\/\/alexiapair.com\/wp-content\/uploads\/2024\/07\/DSC_0410-scaled.jpg\" class=\"attachment-full size-full\" alt=\"\" srcset=\"https:\/\/alexiapair.com\/wp-content\/uploads\/2024\/07\/DSC_0410-scaled.jpg 1709w, https:\/\/alexiapair.com\/wp-content\/uploads\/2024\/07\/DSC_0410-200x300.jpg 200w, https:\/\/alexiapair.com\/wp-content\/uploads\/2024\/07\/DSC_0410-684x1024.jpg 684w, https:\/\/alexiapair.com\/wp-content\/uploads\/2024\/07\/DSC_0410-768x1150.jpg 768w, https:\/\/alexiapair.com\/wp-content\/uploads\/2024\/07\/DSC_0410-1025x1536.jpg 1025w, https:\/\/alexiapair.com\/wp-content\/uploads\/2024\/07\/DSC_0410-1367x2048.jpg 1367w\" sizes=\"(max-width: 1709px) 100vw, 1709px\" \/>\t\t\t\t\t\t\t<\/a>\n\t\t\t\t\t<\/div>\n\t<\/div>\n\t<\/div>\n\n<div class=\"qodef-e swiper-slide\">\n\t<div class=\"qodef-e-inner\">\n\t\t<div class=\"qodef-e-inner-holder\">\n\t\t\t\t\t\t\t<a class=\"qodef-popup-item\" itemprop=\"image\" href=\"https:\/\/alexiapair.com\/wp-content\/uploads\/2024\/07\/23022014-DSC_1132-scaled.jpg\" data-type=\"image\" data-fslightbox=\"gallery-406\">\n\t\t\t\t\t\t\t<img loading=\"lazy\" decoding=\"async\" width=\"1700\" height=\"2560\" src=\"https:\/\/alexiapair.com\/wp-content\/uploads\/2024\/07\/23022014-DSC_1132-scaled.jpg\" class=\"attachment-full size-full\" alt=\"\" srcset=\"https:\/\/alexiapair.com\/wp-content\/uploads\/2024\/07\/23022014-DSC_1132-scaled.jpg 1700w, https:\/\/alexiapair.com\/wp-content\/uploads\/2024\/07\/23022014-DSC_1132-199x300.jpg 199w, https:\/\/alexiapair.com\/wp-content\/uploads\/2024\/07\/23022014-DSC_1132-680x1024.jpg 680w, https:\/\/alexiapair.com\/wp-content\/uploads\/2024\/07\/23022014-DSC_1132-768x1156.jpg 768w, https:\/\/alexiapair.com\/wp-content\/uploads\/2024\/07\/23022014-DSC_1132-1020x1536.jpg 1020w, https:\/\/alexiapair.com\/wp-content\/uploads\/2024\/07\/23022014-DSC_1132-1360x2048.jpg 1360w\" sizes=\"(max-width: 1700px) 100vw, 1700px\" \/>\t\t\t\t\t\t\t<\/a>\n\t\t\t\t\t<\/div>\n\t<\/div>\n\t<\/div>\n\n<div class=\"qodef-e swiper-slide\">\n\t<div class=\"qodef-e-inner\">\n\t\t<div class=\"qodef-e-inner-holder\">\n\t\t\t\t\t\t\t<a class=\"qodef-popup-item\" itemprop=\"image\" href=\"https:\/\/alexiapair.com\/wp-content\/uploads\/2024\/07\/20032017-DSC_1015-scaled.jpg\" data-type=\"image\" data-fslightbox=\"gallery-406\">\n\t\t\t\t\t\t\t<img loading=\"lazy\" decoding=\"async\" width=\"1700\" height=\"2560\" src=\"https:\/\/alexiapair.com\/wp-content\/uploads\/2024\/07\/20032017-DSC_1015-scaled.jpg\" class=\"attachment-full size-full\" alt=\"\" srcset=\"https:\/\/alexiapair.com\/wp-content\/uploads\/2024\/07\/20032017-DSC_1015-scaled.jpg 1700w, https:\/\/alexiapair.com\/wp-content\/uploads\/2024\/07\/20032017-DSC_1015-199x300.jpg 199w, https:\/\/alexiapair.com\/wp-content\/uploads\/2024\/07\/20032017-DSC_1015-680x1024.jpg 680w, https:\/\/alexiapair.com\/wp-content\/uploads\/2024\/07\/20032017-DSC_1015-768x1156.jpg 768w, https:\/\/alexiapair.com\/wp-content\/uploads\/2024\/07\/20032017-DSC_1015-1020x1536.jpg 1020w, https:\/\/alexiapair.com\/wp-content\/uploads\/2024\/07\/20032017-DSC_1015-1360x2048.jpg 1360w\" sizes=\"(max-width: 1700px) 100vw, 1700px\" \/>\t\t\t\t\t\t\t<\/a>\n\t\t\t\t\t<\/div>\n\t<\/div>\n\t<\/div>\n\n<div class=\"qodef-e swiper-slide\">\n\t<div class=\"qodef-e-inner\">\n\t\t<div class=\"qodef-e-inner-holder\">\n\t\t\t\t\t\t\t<a class=\"qodef-popup-item\" itemprop=\"image\" href=\"https:\/\/alexiapair.com\/wp-content\/uploads\/2024\/08\/DSC4069.jpg\" data-type=\"image\" data-fslightbox=\"gallery-406\">\n\t\t\t\t\t\t\t<img loading=\"lazy\" decoding=\"async\" width=\"1333\" height=\"2000\" src=\"https:\/\/alexiapair.com\/wp-content\/uploads\/2024\/08\/DSC4069.jpg\" class=\"attachment-full size-full\" alt=\"\" srcset=\"https:\/\/alexiapair.com\/wp-content\/uploads\/2024\/08\/DSC4069.jpg 1333w, https:\/\/alexiapair.com\/wp-content\/uploads\/2024\/08\/DSC4069-200x300.jpg 200w, https:\/\/alexiapair.com\/wp-content\/uploads\/2024\/08\/DSC4069-682x1024.jpg 682w, https:\/\/alexiapair.com\/wp-content\/uploads\/2024\/08\/DSC4069-768x1152.jpg 768w, https:\/\/alexiapair.com\/wp-content\/uploads\/2024\/08\/DSC4069-1024x1536.jpg 1024w\" sizes=\"(max-width: 1333px) 100vw, 1333px\" \/>\t\t\t\t\t\t\t<\/a>\n\t\t\t\t\t<\/div>\n\t<\/div>\n\t<\/div>\n\n<div class=\"qodef-e swiper-slide\">\n\t<div class=\"qodef-e-inner\">\n\t\t<div class=\"qodef-e-inner-holder\">\n\t\t\t\t\t\t\t<a class=\"qodef-popup-item\" itemprop=\"image\" href=\"https:\/\/alexiapair.com\/wp-content\/uploads\/2024\/08\/DSC6411.jpg\" data-type=\"image\" data-fslightbox=\"gallery-406\">\n\t\t\t\t\t\t\t<img loading=\"lazy\" decoding=\"async\" width=\"1333\" height=\"2000\" src=\"https:\/\/alexiapair.com\/wp-content\/uploads\/2024\/08\/DSC6411.jpg\" class=\"attachment-full size-full\" alt=\"\" srcset=\"https:\/\/alexiapair.com\/wp-content\/uploads\/2024\/08\/DSC6411.jpg 1333w, https:\/\/alexiapair.com\/wp-content\/uploads\/2024\/08\/DSC6411-200x300.jpg 200w, https:\/\/alexiapair.com\/wp-content\/uploads\/2024\/08\/DSC6411-682x1024.jpg 682w, https:\/\/alexiapair.com\/wp-content\/uploads\/2024\/08\/DSC6411-768x1152.jpg 768w, https:\/\/alexiapair.com\/wp-content\/uploads\/2024\/08\/DSC6411-1024x1536.jpg 1024w\" sizes=\"(max-width: 1333px) 100vw, 1333px\" \/>\t\t\t\t\t\t\t<\/a>\n\t\t\t\t\t<\/div>\n\t<\/div>\n\t<\/div>\n\t<\/div>\n\t\t<div class=\"swiper-button-prev\"><svg class=\"qodef-swiper-arrow-left\" xmlns=\"http:\/\/www.w3.org\/2000\/svg\" xmlns:xlink=\"http:\/\/www.w3.org\/1999\/xlink\" x=\"0px\" y=\"0px\" viewbox=\"0 0 34.2 32.3\" xml:space=\"preserve\" style=\"stroke-width: 2;\"><line x1=\"0.5\" y1=\"16\" x2=\"33.5\" y2=\"16\"\/><line x1=\"0.3\" y1=\"16.5\" x2=\"16.2\" y2=\"0.7\"\/><line x1=\"0\" y1=\"15.4\" x2=\"16.2\" y2=\"31.6\"\/><\/svg><\/div>\n\t<div class=\"swiper-button-next\"><svg class=\"qodef-swiper-arrow-right\" xmlns=\"http:\/\/www.w3.org\/2000\/svg\" xmlns:xlink=\"http:\/\/www.w3.org\/1999\/xlink\" x=\"0px\" y=\"0px\" viewbox=\"0 0 34.2 32.3\" xml:space=\"preserve\" style=\"stroke-width: 2;\"><line x1=\"0\" y1=\"16\" x2=\"33\" y2=\"16\"\/><line x1=\"17.3\" y1=\"0.7\" x2=\"33.2\" y2=\"16.5\"\/><line x1=\"17.3\" y1=\"31.6\" x2=\"33.5\" y2=\"15.4\"\/><\/svg><\/div>\n<\/div>\n\t\t<\/div>\n\t\t\t\t<\/div>\n\t\t\t\t<\/div>\n\t\t\t\t\t\t\t<\/div>","protected":false},"excerpt":{"rendered":"<p>\u00a1Hola! Soy Alexia Pair, un fot\u00f3grafo apasionado residente en Barcelona, adonde me mud\u00e9 hace nueve a\u00f1os. Nac\u00ed en Dunkerque, una ciudad costera francesa, y llevo en la sangre una mezcla cultural, mitad franc\u00e9s y mitad mexicano. Esta diversidad cultural ha enriquecido mi perspectiva art\u00edstica y se refleja en mi obra. [\u2026]<\/p>","protected":false},"author":1,"featured_media":0,"parent":0,"menu_order":0,"comment_status":"closed","ping_status":"closed","template":"","meta":{"footnotes":""},"_links":{"self":[{"href":"https:\/\/alexiapair.com\/es\/wp-json\/wp\/v2\/pages\/211"}],"collection":[{"href":"https:\/\/alexiapair.com\/es\/wp-json\/wp\/v2\/pages"}],"about":[{"href":"https:\/\/alexiapair.com\/es\/wp-json\/wp\/v2\/types\/page"}],"author":[{"embeddable":true,"href":"https:\/\/alexiapair.com\/es\/wp-json\/wp\/v2\/users\/1"}],"replies":[{"embeddable":true,"href":"https:\/\/alexiapair.com\/es\/wp-json\/wp\/v2\/comments?post=211"}],"version-history":[{"count":88,"href":"https:\/\/alexiapair.com\/es\/wp-json\/wp\/v2\/pages\/211\/revisions"}],"predecessor-version":[{"id":1836,"href":"https:\/\/alexiapair.com\/es\/wp-json\/wp\/v2\/pages\/211\/revisions\/1836"}],"wp:attachment":[{"href":"https:\/\/alexiapair.com\/es\/wp-json\/wp\/v2\/media?parent=211"}],"curies":[{"name":"wp","href":"https:\/\/api.w.org\/{rel}","templated":true}]}}